{"id":70,"date":"2020-11-22T21:04:35","date_gmt":"2020-11-22T20:04:35","guid":{"rendered":"https:\/\/oskseba.pl\/?page_id=70"},"modified":"2020-11-22T21:04:35","modified_gmt":"2020-11-22T20:04:35","slug":"oferta","status":"publish","type":"page","link":"https:\/\/oskseba.pl\/?page_id=70","title":{"rendered":"Oferta"},"content":{"rendered":"\n<ul><li>SZKOLENIE NA TYCH SAMYCH AUTACH JAK NA EGZAMINIE -Hyundai i20<\/li><li>profesjonalny kurs nauki jazdy po atrakcyjnych cenach<\/li><li>zaj\u0119cia teoretyczne i praktyczne<\/li><li>Wszystkie jazdy s\u0105 umawiane indywidualnie wed\u0142ug potrzeb kursanta (ju\u017c od 7:00 do 22:00)<\/li><li>pozaprogramowe w zakresie doskonalenia posiadanych umiej\u0119tno\u015bci dla os\u00f3b b\u0119d\u0105cych kierowcami i posiadaj\u0105cych ju\u017c prawo jazdy<\/li><li>pomoce naukowe w cenie<\/li><li>mo\u017cliwo\u015b\u0107 roz\u0142o\u017cenia p\u0142atno\u015bci na raty<\/li><li>Cena kursu \u2013 1700z\u0142<\/li><li>1 godzina jazdy dodatkowej \u2013 60z\u0142<\/li><\/ul>\n","protected":false},"excerpt":{"rendered":"<p>SZKOLENIE NA TYCH SAMYCH AUTACH JAK NA EGZAMINIE -Hyundai i20 profesjonalny kurs nauki jazdy po atrakcyjnych cenach zaj\u0119cia teoretyczne i praktyczne Wszystkie jazdy s\u0105 umawiane indywidualnie wed\u0142ug potrzeb kursanta (ju\u017c od 7:00 do 22:00) pozaprogramowe w zakresie doskonalenia posiadanych umiej\u0119tno\u015bci dla os\u00f3b b\u0119d\u0105cych kierowcami i posiadaj\u0105cych ju\u017c prawo jazdy pomoce naukowe w cenie mo\u017cliwo\u015b\u0107 roz\u0142o\u017cenia [&hellip;]<\/p>\n","protected":false},"author":1,"featured_media":0,"parent":0,"menu_order":0,"comment_status":"closed","ping_status":"closed","template":"","meta":[],"_links":{"self":[{"href":"https:\/\/oskseba.pl\/index.php?rest_route=\/wp\/v2\/pages\/70"}],"collection":[{"href":"https:\/\/oskseba.pl\/index.php?rest_route=\/wp\/v2\/pages"}],"about":[{"href":"https:\/\/oskseba.pl\/index.php?rest_route=\/wp\/v2\/types\/page"}],"author":[{"embeddable":true,"href":"https:\/\/oskseba.pl\/index.php?rest_route=\/wp\/v2\/users\/1"}],"replies":[{"embeddable":true,"href":"https:\/\/oskseba.pl\/index.php?rest_route=%2Fwp%2Fv2%2Fcomments&post=70"}],"version-history":[{"count":1,"href":"https:\/\/oskseba.pl\/index.php?rest_route=\/wp\/v2\/pages\/70\/revisions"}],"predecessor-version":[{"id":71,"href":"https:\/\/oskseba.pl\/index.php?rest_route=\/wp\/v2\/pages\/70\/revisions\/71"}],"wp:attachment":[{"href":"https:\/\/oskseba.pl\/index.php?rest_route=%2Fwp%2Fv2%2Fmedia&parent=70"}],"curies":[{"name":"wp","href":"https:\/\/api.w.org\/{rel}","templated":true}]}}